{"id":462,"date":"2024-05-23T09:20:03","date_gmt":"2024-05-23T07:20:03","guid":{"rendered":"https:\/\/pamatnikbata.eu\/pronajem\/"},"modified":"2024-11-29T12:52:14","modified_gmt":"2024-11-29T11:52:14","slug":"rental","status":"publish","type":"page","link":"https:\/\/pamatnikbata.eu\/en\/rental","title":{"rendered":"Rental"},"content":{"rendered":"","protected":false},"excerpt":{"rendered":"","protected":false},"author":1,"featured_media":0,"parent":0,"menu_order":0,"comment_status":"closed","ping_status":"closed","template":"templates\/pronajem.php","meta":{"_acf_changed":false,"inline_featured_image":false,"footnotes":""},"class_list":["post-462","page","type-page","status-publish","hentry"],"acf":[],"yoast_head":"<!-- This site is optimized with the Yoast SEO plugin v27.4 - https:\/\/yoast.com\/product\/yoast-seo-wordpress\/ -->\n<title>Rental - Tomas Bata Memorial<\/title>\n<meta name=\"robots\" content=\"index, follow, max-snippet:-1, max-image-preview:large, max-video-preview:-1\" \/>\n<link rel=\"canonical\" href=\"https:\/\/pamatnikbata.eu\/en\/rental\" \/>\n<meta property=\"og:locale\" content=\"en_US\" \/>\n<meta property=\"og:type\" content=\"article\" \/>\n<meta property=\"og:title\" content=\"Rental - Tomas Bata Memorial\" \/>\n<meta property=\"og:url\" content=\"https:\/\/pamatnikbata.eu\/en\/rental\" \/>\n<meta property=\"og:site_name\" content=\"Tomas Bata Memorial\" \/>\n<meta property=\"article:publisher\" content=\"https:\/\/www.facebook.com\/pamatnikbata\/\" \/>\n<meta property=\"article:modified_time\" content=\"2024-11-29T11:52:14+00:00\" \/>\n<meta name=\"twitter:card\" content=\"summary_large_image\" \/>\n<script type=\"application\/ld+json\" class=\"yoast-schema-graph\">{\"@context\":\"https:\\\/\\\/schema.org\",\"@graph\":[{\"@type\":\"WebPage\",\"@id\":\"https:\\\/\\\/pamatnikbata.eu\\\/en\\\/rental\",\"url\":\"https:\\\/\\\/pamatnikbata.eu\\\/en\\\/rental\",\"name\":\"Rental - Tomas Bata Memorial\",\"isPartOf\":{\"@id\":\"https:\\\/\\\/pamatnikbata.eu\\\/en#website\"},\"datePublished\":\"2024-05-23T07:20:03+00:00\",\"dateModified\":\"2024-11-29T11:52:14+00:00\",\"breadcrumb\":{\"@id\":\"https:\\\/\\\/pamatnikbata.eu\\\/en\\\/rental#breadcrumb\"},\"inLanguage\":\"en-US\",\"potentialAction\":[{\"@type\":\"ReadAction\",\"target\":[\"https:\\\/\\\/pamatnikbata.eu\\\/en\\\/rental\"]}]},{\"@type\":\"BreadcrumbList\",\"@id\":\"https:\\\/\\\/pamatnikbata.eu\\\/en\\\/rental#breadcrumb\",\"itemListElement\":[{\"@type\":\"ListItem\",\"position\":1,\"name\":\"Home\",\"item\":\"https:\\\/\\\/pamatnikbata.eu\\\/en\"},{\"@type\":\"ListItem\",\"position\":2,\"name\":\"Rental\"}]},{\"@type\":\"WebSite\",\"@id\":\"https:\\\/\\\/pamatnikbata.eu\\\/en#website\",\"url\":\"https:\\\/\\\/pamatnikbata.eu\\\/en\",\"name\":\"Pam\u00e1tn\u00edk Tom\u00e1\u0161e Bati\",\"description\":\"\",\"publisher\":{\"@id\":\"https:\\\/\\\/pamatnikbata.eu\\\/en#organization\"},\"potentialAction\":[{\"@type\":\"SearchAction\",\"target\":{\"@type\":\"EntryPoint\",\"urlTemplate\":\"https:\\\/\\\/pamatnikbata.eu\\\/en?s={search_term_string}\"},\"query-input\":{\"@type\":\"PropertyValueSpecification\",\"valueRequired\":true,\"valueName\":\"search_term_string\"}}],\"inLanguage\":\"en-US\"},{\"@type\":\"Organization\",\"@id\":\"https:\\\/\\\/pamatnikbata.eu\\\/en#organization\",\"name\":\"Tomas Bata Memorial\",\"url\":\"https:\\\/\\\/pamatnikbata.eu\\\/en\",\"logo\":{\"@type\":\"ImageObject\",\"inLanguage\":\"en-US\",\"@id\":\"https:\\\/\\\/pamatnikbata.eu\\\/en#\\\/schema\\\/logo\\\/image\\\/\",\"url\":\"https:\\\/\\\/pamatnikbata.eu\\\/wp-content\\\/uploads\\\/2024\\\/06\\\/logo.svg\",\"contentUrl\":\"https:\\\/\\\/pamatnikbata.eu\\\/wp-content\\\/uploads\\\/2024\\\/06\\\/logo.svg\",\"width\":230,\"height\":50,\"caption\":\"Tomas Bata Memorial\"},\"image\":{\"@id\":\"https:\\\/\\\/pamatnikbata.eu\\\/en#\\\/schema\\\/logo\\\/image\\\/\"},\"sameAs\":[\"https:\\\/\\\/www.facebook.com\\\/pamatnikbata\\\/\"]}]}<\/script>\n<!-- \/ Yoast SEO plugin. -->","yoast_head_json":{"title":"Rental - Tomas Bata Memorial","robots":{"index":"index","follow":"follow","max-snippet":"max-snippet:-1","max-image-preview":"max-image-preview:large","max-video-preview":"max-video-preview:-1"},"canonical":"https:\/\/pamatnikbata.eu\/en\/rental","og_locale":"en_US","og_type":"article","og_title":"Rental - Tomas Bata Memorial","og_url":"https:\/\/pamatnikbata.eu\/en\/rental","og_site_name":"Tomas Bata Memorial","article_publisher":"https:\/\/www.facebook.com\/pamatnikbata\/","article_modified_time":"2024-11-29T11:52:14+00:00","twitter_card":"summary_large_image","schema":{"@context":"https:\/\/schema.org","@graph":[{"@type":"WebPage","@id":"https:\/\/pamatnikbata.eu\/en\/rental","url":"https:\/\/pamatnikbata.eu\/en\/rental","name":"Rental - Tomas Bata Memorial","isPartOf":{"@id":"https:\/\/pamatnikbata.eu\/en#website"},"datePublished":"2024-05-23T07:20:03+00:00","dateModified":"2024-11-29T11:52:14+00:00","breadcrumb":{"@id":"https:\/\/pamatnikbata.eu\/en\/rental#breadcrumb"},"inLanguage":"en-US","potentialAction":[{"@type":"ReadAction","target":["https:\/\/pamatnikbata.eu\/en\/rental"]}]},{"@type":"BreadcrumbList","@id":"https:\/\/pamatnikbata.eu\/en\/rental#breadcrumb","itemListElement":[{"@type":"ListItem","position":1,"name":"Home","item":"https:\/\/pamatnikbata.eu\/en"},{"@type":"ListItem","position":2,"name":"Rental"}]},{"@type":"WebSite","@id":"https:\/\/pamatnikbata.eu\/en#website","url":"https:\/\/pamatnikbata.eu\/en","name":"Pam\u00e1tn\u00edk Tom\u00e1\u0161e Bati","description":"","publisher":{"@id":"https:\/\/pamatnikbata.eu\/en#organization"},"potentialAction":[{"@type":"SearchAction","target":{"@type":"EntryPoint","urlTemplate":"https:\/\/pamatnikbata.eu\/en?s={search_term_string}"},"query-input":{"@type":"PropertyValueSpecification","valueRequired":true,"valueName":"search_term_string"}}],"inLanguage":"en-US"},{"@type":"Organization","@id":"https:\/\/pamatnikbata.eu\/en#organization","name":"Tomas Bata Memorial","url":"https:\/\/pamatnikbata.eu\/en","logo":{"@type":"ImageObject","inLanguage":"en-US","@id":"https:\/\/pamatnikbata.eu\/en#\/schema\/logo\/image\/","url":"https:\/\/pamatnikbata.eu\/wp-content\/uploads\/2024\/06\/logo.svg","contentUrl":"https:\/\/pamatnikbata.eu\/wp-content\/uploads\/2024\/06\/logo.svg","width":230,"height":50,"caption":"Tomas Bata Memorial"},"image":{"@id":"https:\/\/pamatnikbata.eu\/en#\/schema\/logo\/image\/"},"sameAs":["https:\/\/www.facebook.com\/pamatnikbata\/"]}]}},"_links":{"self":[{"href":"https:\/\/pamatnikbata.eu\/en\/wp-json\/wp\/v2\/pages\/462","targetHints":{"allow":["GET"]}}],"collection":[{"href":"https:\/\/pamatnikbata.eu\/en\/wp-json\/wp\/v2\/pages"}],"about":[{"href":"https:\/\/pamatnikbata.eu\/en\/wp-json\/wp\/v2\/types\/page"}],"author":[{"embeddable":true,"href":"https:\/\/pamatnikbata.eu\/en\/wp-json\/wp\/v2\/users\/1"}],"replies":[{"embeddable":true,"href":"https:\/\/pamatnikbata.eu\/en\/wp-json\/wp\/v2\/comments?post=462"}],"version-history":[{"count":28,"href":"https:\/\/pamatnikbata.eu\/en\/wp-json\/wp\/v2\/pages\/462\/revisions"}],"predecessor-version":[{"id":1608,"href":"https:\/\/pamatnikbata.eu\/en\/wp-json\/wp\/v2\/pages\/462\/revisions\/1608"}],"wp:attachment":[{"href":"https:\/\/pamatnikbata.eu\/en\/wp-json\/wp\/v2\/media?parent=462"}],"curies":[{"name":"wp","href":"https:\/\/api.w.org\/{rel}","templated":true}]}}