{"id":460,"date":"2024-05-23T07:49:29","date_gmt":"2024-05-23T05:49:29","guid":{"rendered":"https:\/\/pamatnikbata.eu\/ochrana-osobnich-udaju\/"},"modified":"2024-07-11T15:40:32","modified_gmt":"2024-07-11T13:40:32","slug":"privacy-policy","status":"publish","type":"page","link":"https:\/\/pamatnikbata.eu\/en\/privacy-policy","title":{"rendered":"Privacy policy"},"content":{"rendered":"\r\n<h3 class=\"wp-block-heading\"><b>Ochrana osobn\u00edch \u00fadaj\u016f<\/b><\/h3>\r\n<p><b>Va\u0161e soukrom\u00ed je pro n\u00e1s d\u016fle\u017eit\u00e9.<\/b><\/p>\r\n<p><span style=\"font-weight: 400;\">Tato politika ochrany osobn\u00edch \u00fadaj\u016f vysv\u011btluje, jak spole\u010dnost <\/span><b>Pam\u00e1tn\u00edk Tom\u00e1\u0161e Bati<\/b><span style=\"font-weight: 400;\"> shroma\u017e\u010fuje, pou\u017e\u00edv\u00e1, uchov\u00e1v\u00e1 a&nbsp;chr\u00e1n\u00ed va\u0161e osobn\u00ed \u00fadaje, kdy\u017e nav\u0161t\u00edv\u00edte na\u0161e webov\u00e9 str\u00e1nky https:\/\/pamatnikbata.eu\/ a&nbsp;jak m\u016f\u017eete spravovat sv\u00e9 osobn\u00ed \u00fadaje.<\/span><\/p>\r\n<h4><b>1. Shroma\u017e\u010fov\u00e1n\u00ed osobn\u00edch \u00fadaj\u016f<\/b><\/h4>\r\n<p><span style=\"font-weight: 400;\">P\u0159i pou\u017e\u00edv\u00e1n\u00ed na\u0161ich webov\u00fdch str\u00e1nek m\u016f\u017eeme shroma\u017e\u010fovat n\u00e1sleduj\u00edc\u00ed informace:<\/span><\/p>\r\n<ul>\r\n<li style=\"font-weight: 400;\" aria-level=\"1\"><b>Kontaktn\u00ed \u00fadaje:<\/b><span style=\"font-weight: 400;\"> jm\u00e9no, e-mailov\u00e1 adresa, telefonn\u00ed \u010d\u00edslo<\/span><\/li>\r\n<li style=\"font-weight: 400;\" aria-level=\"1\"><b>Demografick\u00e9 \u00fadaje:<\/b><span style=\"font-weight: 400;\"> v\u011bk, pohlav\u00ed, z\u00e1jmy<\/span><\/li>\r\n<li style=\"font-weight: 400;\" aria-level=\"1\"><b>Technick\u00e9 \u00fadaje:<\/b><span style=\"font-weight: 400;\"> IP adresa, typ za\u0159\u00edzen\u00ed, typ prohl\u00ed\u017ee\u010de, \u010das a&nbsp;datum p\u0159\u00edstupu<\/span><\/li>\r\n<li style=\"font-weight: 400;\" aria-level=\"1\"><b>\u00dadaje o&nbsp;chov\u00e1n\u00ed na webu:<\/b><span style=\"font-weight: 400;\"> informace o&nbsp;tom, jak pou\u017e\u00edv\u00e1te na\u0161e webov\u00e9 str\u00e1nky, v\u010detn\u011b nav\u0161t\u00edven\u00fdch str\u00e1nek, doby str\u00e1ven\u00e9 na jednotliv\u00fdch str\u00e1nk\u00e1ch a&nbsp;kliknut\u00ed na odkazy<\/span><\/li>\r\n<\/ul>\r\n<h4><b>2. Pou\u017eit\u00ed osobn\u00edch \u00fadaj\u016f<\/b><\/h4>\r\n<p><span style=\"font-weight: 400;\">Va\u0161e osobn\u00ed \u00fadaje pou\u017e\u00edv\u00e1me k&nbsp;n\u00e1sleduj\u00edc\u00edm \u00fa\u010del\u016fm:<\/span><\/p>\r\n<ul>\r\n<li style=\"font-weight: 400;\" aria-level=\"1\"><b>Zlep\u0161en\u00ed na\u0161ich slu\u017eeb:<\/b><span style=\"font-weight: 400;\"> Anal\u00fdza va\u0161eho chov\u00e1n\u00ed na webov\u00fdch str\u00e1nk\u00e1ch n\u00e1m pom\u00e1h\u00e1 zlep\u0161ovat jejich funk\u010dnost a&nbsp;obsah.<\/span><\/li>\r\n<li style=\"font-weight: 400;\" aria-level=\"1\"><b>Komunikace:<\/b><span style=\"font-weight: 400;\"> M\u016f\u017eeme v\u00e1s kontaktovat prost\u0159ednictv\u00edm e-mailu, telefonu nebo jin\u00fdch komunika\u010dn\u00edch kan\u00e1l\u016f za \u00fa\u010delem poskytov\u00e1n\u00ed informac\u00ed o&nbsp;na\u0161ich produktech a&nbsp;slu\u017eb\u00e1ch.<\/span><\/li>\r\n<li style=\"font-weight: 400;\" aria-level=\"1\"><b>Marketing:<\/b><span style=\"font-weight: 400;\"> Pokud jste ud\u011blili souhlas, m\u016f\u017eeme v\u00e1m zas\u00edlat propaga\u010dn\u00ed materi\u00e1ly a&nbsp;nab\u00eddky.<\/span><\/li>\r\n<\/ul>\r\n<h4><b>3. Ulo\u017een\u00ed osobn\u00edch \u00fadaj\u016f<\/b><\/h4>\r\n<p><span style=\"font-weight: 400;\">Va\u0161e osobn\u00ed \u00fadaje uchov\u00e1v\u00e1me pouze po dobu nezbytn\u011b nutnou k&nbsp;dosa\u017een\u00ed \u00fa\u010del\u016f, pro kter\u00e9 byly shrom\u00e1\u017ed\u011bny, nebo v&nbsp;souladu s&nbsp;pr\u00e1vn\u00edmi po\u017eadavky.<\/span><\/p>\r\n<h4><b>4. Ochrana osobn\u00edch \u00fadaj\u016f<\/b><\/h4>\r\n<p><span style=\"font-weight: 400;\">P\u0159ij\u00edm\u00e1me vhodn\u00e1 technick\u00e1 a&nbsp;organiza\u010dn\u00ed opat\u0159en\u00ed k&nbsp;ochran\u011b va\u0161ich osobn\u00edch \u00fadaj\u016f p\u0159ed neopr\u00e1vn\u011bn\u00fdm p\u0159\u00edstupem, ztr\u00e1tou, zneu\u017eit\u00edm nebo zni\u010den\u00edm. Mezi tato opat\u0159en\u00ed pat\u0159\u00ed \u0161ifrov\u00e1n\u00ed, firewall a&nbsp;zabezpe\u010den\u00e9 servery.<\/span><\/p>\r\n<h4><b>5. Sd\u00edlen\u00ed osobn\u00edch \u00fadaj\u016f<\/b><\/h4>\r\n<p><span style=\"font-weight: 400;\">Va\u0161e osobn\u00ed \u00fadaje nesd\u00edl\u00edme s&nbsp;t\u0159et\u00edmi stranami, krom\u011b p\u0159\u00edpad\u016f, kdy je to nezbytn\u00e9 k&nbsp;poskytov\u00e1n\u00ed na\u0161ich slu\u017eeb (nap\u0159. poskytovatel\u00e9 platebn\u00edch slu\u017eeb) nebo v&nbsp;souladu s&nbsp;pr\u00e1vn\u00edmi po\u017eadavky.<\/span><\/p>\r\n<h4><b>6. Va\u0161e pr\u00e1va<\/b><\/h4>\r\n<p><span style=\"font-weight: 400;\">M\u00e1te pr\u00e1vo na p\u0159\u00edstup ke sv\u00fdm osobn\u00edm \u00fadaj\u016fm, jejich opravu, v\u00fdmaz, omezen\u00ed zpracov\u00e1n\u00ed a&nbsp;p\u0159enositelnost \u00fadaj\u016f. Pokud si p\u0159ejete uplatnit sv\u00e1 pr\u00e1va nebo m\u00e1te jak\u00e9koliv dotazy ohledn\u011b ochrany osobn\u00edch \u00fadaj\u016f, kontaktujte n\u00e1s na e-mailov\u00e9 adrese pamatnikbata@zlin.eu<\/span><\/p>\r\n<h4><b>7. Zm\u011bny politiky ochrany osobn\u00edch \u00fadaj\u016f<\/b><\/h4>\r\n<p><span style=\"font-weight: 400;\">M\u016f\u017eeme \u010das od \u010dasu aktualizovat tuto politiku ochrany osobn\u00edch \u00fadaj\u016f. Jak\u00e9koli zm\u011bny budou zve\u0159ejn\u011bny na t\u00e9to str\u00e1nce a&nbsp;p\u0159\u00edpadn\u011b v\u00e1s o&nbsp;nich budeme informovat e-mailem.<\/span><\/p>\r\n<p><b>Kontaktujte n\u00e1s<\/b><span style=\"font-weight: 400;\"> Pokud m\u00e1te jak\u00e9koli ot\u00e1zky nebo obavy ohledn\u011b na\u0161\u00ed politiky ochrany osobn\u00edch \u00fadaj\u016f, nev\u00e1hejte n\u00e1s kontaktovat na <\/span><a href=\"mailto:pamatnikbata@zlin.eu\"><span style=\"font-weight: 400;\">pamatnikbata@zlin.eu<\/span><\/a><span style=\"font-weight: 400;\"> nebo na adrese n\u00e1m. T. G. Masaryka 2570, 760&nbsp;01 Zl\u00edn. D\u011bkujeme, \u017ee n\u00e1m v\u011b\u0159\u00edte s&nbsp;ochranou va\u0161ich osobn\u00edch \u00fadaj\u016f.<\/span><\/p>\r\n<h2 class=\"wp-block-heading\"><br \/><br \/><\/h2>","protected":false},"excerpt":{"rendered":"<p>Ochrana osobn\u00edch \u00fadaj\u016f Va\u0161e soukrom\u00ed je pro n\u00e1s d\u016fle\u017eit\u00e9. Tato politika ochrany osobn\u00edch \u00fadaj\u016f vysv\u011btluje, jak spole\u010dnost Pam\u00e1tn\u00edk Tom\u00e1\u0161e Bati [&hellip;]<\/p>\n","protected":false},"author":1,"featured_media":0,"parent":0,"menu_order":0,"comment_status":"closed","ping_status":"closed","template":"","meta":{"_acf_changed":false,"inline_featured_image":false,"footnotes":""},"class_list":["post-460","page","type-page","status-publish","hentry"],"acf":[],"yoast_head":"<!-- This site is optimized with the Yoast SEO plugin v27.4 - https:\/\/yoast.com\/product\/yoast-seo-wordpress\/ -->\n<title>Privacy policy - Tomas Bata Memorial<\/title>\n<meta name=\"robots\" content=\"index, follow, max-snippet:-1, max-image-preview:large, max-video-preview:-1\" \/>\n<link rel=\"canonical\" href=\"https:\/\/pamatnikbata.eu\/en\/privacy-policy\" \/>\n<meta property=\"og:locale\" content=\"en_US\" \/>\n<meta property=\"og:type\" content=\"article\" \/>\n<meta property=\"og:title\" content=\"Privacy policy - Tomas Bata Memorial\" \/>\n<meta property=\"og:description\" content=\"Ochrana osobn\u00edch \u00fadaj\u016f Va\u0161e soukrom\u00ed je pro n\u00e1s d\u016fle\u017eit\u00e9. Tato politika ochrany osobn\u00edch \u00fadaj\u016f vysv\u011btluje, jak spole\u010dnost Pam\u00e1tn\u00edk Tom\u00e1\u0161e Bati [&hellip;]\" \/>\n<meta property=\"og:url\" content=\"https:\/\/pamatnikbata.eu\/en\/privacy-policy\" \/>\n<meta property=\"og:site_name\" content=\"Tomas Bata Memorial\" \/>\n<meta property=\"article:publisher\" content=\"https:\/\/www.facebook.com\/pamatnikbata\/\" \/>\n<meta property=\"article:modified_time\" content=\"2024-07-11T13:40:32+00:00\" \/>\n<meta name=\"twitter:card\" content=\"summary_large_image\" \/>\n<meta name=\"twitter:label1\" content=\"Est. reading time\" \/>\n\t<meta name=\"twitter:data1\" content=\"3 minutes\" \/>\n<script type=\"application\/ld+json\" class=\"yoast-schema-graph\">{\"@context\":\"https:\\\/\\\/schema.org\",\"@graph\":[{\"@type\":\"WebPage\",\"@id\":\"https:\\\/\\\/pamatnikbata.eu\\\/en\\\/privacy-policy\",\"url\":\"https:\\\/\\\/pamatnikbata.eu\\\/en\\\/privacy-policy\",\"name\":\"Privacy policy - Tomas Bata Memorial\",\"isPartOf\":{\"@id\":\"https:\\\/\\\/pamatnikbata.eu\\\/en#website\"},\"datePublished\":\"2024-05-23T05:49:29+00:00\",\"dateModified\":\"2024-07-11T13:40:32+00:00\",\"breadcrumb\":{\"@id\":\"https:\\\/\\\/pamatnikbata.eu\\\/en\\\/privacy-policy#breadcrumb\"},\"inLanguage\":\"en-US\",\"potentialAction\":[{\"@type\":\"ReadAction\",\"target\":[\"https:\\\/\\\/pamatnikbata.eu\\\/en\\\/privacy-policy\"]}]},{\"@type\":\"BreadcrumbList\",\"@id\":\"https:\\\/\\\/pamatnikbata.eu\\\/en\\\/privacy-policy#breadcrumb\",\"itemListElement\":[{\"@type\":\"ListItem\",\"position\":1,\"name\":\"Home\",\"item\":\"https:\\\/\\\/pamatnikbata.eu\\\/en\"},{\"@type\":\"ListItem\",\"position\":2,\"name\":\"Privacy policy\"}]},{\"@type\":\"WebSite\",\"@id\":\"https:\\\/\\\/pamatnikbata.eu\\\/en#website\",\"url\":\"https:\\\/\\\/pamatnikbata.eu\\\/en\",\"name\":\"Pam\u00e1tn\u00edk Tom\u00e1\u0161e Bati\",\"description\":\"\",\"publisher\":{\"@id\":\"https:\\\/\\\/pamatnikbata.eu\\\/en#organization\"},\"potentialAction\":[{\"@type\":\"SearchAction\",\"target\":{\"@type\":\"EntryPoint\",\"urlTemplate\":\"https:\\\/\\\/pamatnikbata.eu\\\/en?s={search_term_string}\"},\"query-input\":{\"@type\":\"PropertyValueSpecification\",\"valueRequired\":true,\"valueName\":\"search_term_string\"}}],\"inLanguage\":\"en-US\"},{\"@type\":\"Organization\",\"@id\":\"https:\\\/\\\/pamatnikbata.eu\\\/en#organization\",\"name\":\"Tomas Bata Memorial\",\"url\":\"https:\\\/\\\/pamatnikbata.eu\\\/en\",\"logo\":{\"@type\":\"ImageObject\",\"inLanguage\":\"en-US\",\"@id\":\"https:\\\/\\\/pamatnikbata.eu\\\/en#\\\/schema\\\/logo\\\/image\\\/\",\"url\":\"https:\\\/\\\/pamatnikbata.eu\\\/wp-content\\\/uploads\\\/2024\\\/06\\\/logo.svg\",\"contentUrl\":\"https:\\\/\\\/pamatnikbata.eu\\\/wp-content\\\/uploads\\\/2024\\\/06\\\/logo.svg\",\"width\":230,\"height\":50,\"caption\":\"Tomas Bata Memorial\"},\"image\":{\"@id\":\"https:\\\/\\\/pamatnikbata.eu\\\/en#\\\/schema\\\/logo\\\/image\\\/\"},\"sameAs\":[\"https:\\\/\\\/www.facebook.com\\\/pamatnikbata\\\/\"]}]}<\/script>\n<!-- \/ Yoast SEO plugin. -->","yoast_head_json":{"title":"Privacy policy - Tomas Bata Memorial","robots":{"index":"index","follow":"follow","max-snippet":"max-snippet:-1","max-image-preview":"max-image-preview:large","max-video-preview":"max-video-preview:-1"},"canonical":"https:\/\/pamatnikbata.eu\/en\/privacy-policy","og_locale":"en_US","og_type":"article","og_title":"Privacy policy - Tomas Bata Memorial","og_description":"Ochrana osobn\u00edch \u00fadaj\u016f Va\u0161e soukrom\u00ed je pro n\u00e1s d\u016fle\u017eit\u00e9. Tato politika ochrany osobn\u00edch \u00fadaj\u016f vysv\u011btluje, jak spole\u010dnost Pam\u00e1tn\u00edk Tom\u00e1\u0161e Bati [&hellip;]","og_url":"https:\/\/pamatnikbata.eu\/en\/privacy-policy","og_site_name":"Tomas Bata Memorial","article_publisher":"https:\/\/www.facebook.com\/pamatnikbata\/","article_modified_time":"2024-07-11T13:40:32+00:00","twitter_card":"summary_large_image","twitter_misc":{"Est. reading time":"3 minutes"},"schema":{"@context":"https:\/\/schema.org","@graph":[{"@type":"WebPage","@id":"https:\/\/pamatnikbata.eu\/en\/privacy-policy","url":"https:\/\/pamatnikbata.eu\/en\/privacy-policy","name":"Privacy policy - Tomas Bata Memorial","isPartOf":{"@id":"https:\/\/pamatnikbata.eu\/en#website"},"datePublished":"2024-05-23T05:49:29+00:00","dateModified":"2024-07-11T13:40:32+00:00","breadcrumb":{"@id":"https:\/\/pamatnikbata.eu\/en\/privacy-policy#breadcrumb"},"inLanguage":"en-US","potentialAction":[{"@type":"ReadAction","target":["https:\/\/pamatnikbata.eu\/en\/privacy-policy"]}]},{"@type":"BreadcrumbList","@id":"https:\/\/pamatnikbata.eu\/en\/privacy-policy#breadcrumb","itemListElement":[{"@type":"ListItem","position":1,"name":"Home","item":"https:\/\/pamatnikbata.eu\/en"},{"@type":"ListItem","position":2,"name":"Privacy policy"}]},{"@type":"WebSite","@id":"https:\/\/pamatnikbata.eu\/en#website","url":"https:\/\/pamatnikbata.eu\/en","name":"Pam\u00e1tn\u00edk Tom\u00e1\u0161e Bati","description":"","publisher":{"@id":"https:\/\/pamatnikbata.eu\/en#organization"},"potentialAction":[{"@type":"SearchAction","target":{"@type":"EntryPoint","urlTemplate":"https:\/\/pamatnikbata.eu\/en?s={search_term_string}"},"query-input":{"@type":"PropertyValueSpecification","valueRequired":true,"valueName":"search_term_string"}}],"inLanguage":"en-US"},{"@type":"Organization","@id":"https:\/\/pamatnikbata.eu\/en#organization","name":"Tomas Bata Memorial","url":"https:\/\/pamatnikbata.eu\/en","logo":{"@type":"ImageObject","inLanguage":"en-US","@id":"https:\/\/pamatnikbata.eu\/en#\/schema\/logo\/image\/","url":"https:\/\/pamatnikbata.eu\/wp-content\/uploads\/2024\/06\/logo.svg","contentUrl":"https:\/\/pamatnikbata.eu\/wp-content\/uploads\/2024\/06\/logo.svg","width":230,"height":50,"caption":"Tomas Bata Memorial"},"image":{"@id":"https:\/\/pamatnikbata.eu\/en#\/schema\/logo\/image\/"},"sameAs":["https:\/\/www.facebook.com\/pamatnikbata\/"]}]}},"_links":{"self":[{"href":"https:\/\/pamatnikbata.eu\/en\/wp-json\/wp\/v2\/pages\/460","targetHints":{"allow":["GET"]}}],"collection":[{"href":"https:\/\/pamatnikbata.eu\/en\/wp-json\/wp\/v2\/pages"}],"about":[{"href":"https:\/\/pamatnikbata.eu\/en\/wp-json\/wp\/v2\/types\/page"}],"author":[{"embeddable":true,"href":"https:\/\/pamatnikbata.eu\/en\/wp-json\/wp\/v2\/users\/1"}],"replies":[{"embeddable":true,"href":"https:\/\/pamatnikbata.eu\/en\/wp-json\/wp\/v2\/comments?post=460"}],"version-history":[{"count":3,"href":"https:\/\/pamatnikbata.eu\/en\/wp-json\/wp\/v2\/pages\/460\/revisions"}],"predecessor-version":[{"id":1225,"href":"https:\/\/pamatnikbata.eu\/en\/wp-json\/wp\/v2\/pages\/460\/revisions\/1225"}],"wp:attachment":[{"href":"https:\/\/pamatnikbata.eu\/en\/wp-json\/wp\/v2\/media?parent=460"}],"curies":[{"name":"wp","href":"https:\/\/api.w.org\/{rel}","templated":true}]}}